{"id":5746,"date":"2026-01-21T21:07:54","date_gmt":"2026-01-21T20:07:54","guid":{"rendered":"https:\/\/lemadeleine.se\/?page_id=5746"},"modified":"2026-01-21T21:09:38","modified_gmt":"2026-01-21T20:09:38","slug":"test","status":"publish","type":"page","link":"https:\/\/lemadeleine.se\/index.php\/test\/","title":{"rendered":"Om Marseille"},"content":{"rendered":"\n<p>Marseille&nbsp; \u00e4r Frankrikes n\u00e4st st\u00f6rsta stad. Den ligger i departementet Bouches-du-Rh\u00f4ne, Provence, i syd\u00f6stra Frankrike. Den grundades under namnet Massalia \/ \u039c\u03b1\u03c3\u03c3\u03b1\u03bb\u03af\u03b1 av grekiska kolonisat\u00f6rer&nbsp; p\u00e5 600-talet f.Kr., och \u00e4r d\u00e4rmed Frankrikes \u00e4ldsta stad. Marseille har medelhavsklimat och h\u00e4r ligger Frankrikes st\u00f6rsta medelhavshamn f\u00f6r civilt \u00e4ndam\u00e5l, med f\u00e4rjetrafik till Nordafrika, Italien och Spanien. Inv\u00e5narna kallas Marseillais.<\/p>\n\n\n\n<p>H\u00e4r \u00e4r n\u00e5gra bra researtiklar om Marseille<\/p>\n\n\n\n<ul>\n<li><a href=\"https:\/\/www.timeout.com\/news\/marseille-the-french-city-named-europes-most-authentic-011626\">Marseille: The French city named Europe\u2019s \u2018most authentic\u2019 2026&nbsp;<\/a><\/li>\n\n\n\n<li><a href=\"https:\/\/www.theguardian.com\/world\/article\/2024\/sep\/09\/just-the-right-amount-of-edge-how-marseille-became-2024s-on-trend-city\">Just the right amount of edge\u2019: how Marseille became 2024\u2019s on-trend city 2024<\/a><\/li>\n\n\n\n<li><a href=\"https:\/\/www.timeout.com\/travel\/why-everyone-went-to-marseille-this-summer\">It feels like the Berlin of France\u2019: Why did everyone go to Marseille this summer 2024<\/a><\/li>\n\n\n\n<li><a href=\"https:\/\/www.telegraph.co.uk\/travel\/destinations\/europe\/france\/cote-d-azur\/marseille\/articles\/marseille-travel-guide\/\">How to discover Marseille, France&#8217;s most underappreciated city 2024<\/a><\/li>\n\n\n\n<li><a href=\"https:\/\/www.timeout.fr\/marseille\/que-faire\/notre-dame-du-mont\">Notre-Dame-du-Mont vient d\u2019\u00eatre \u00e9lu quartier le plus cool du monde 2024<\/a><\/li>\n<\/ul>\n\n\n\n<p>Marseille har medelhavsklimat med milda v\u00e5ta vintrar och heta torra somrar. Det \u00e4r kallast i januari och februari med medeltemperaturer p\u00e5 8 &#8211; 9 \u00b0C. I juli och augusti \u00e4r det varmast, och d\u00e5 \u00e4r medeltemperaturen runt 30 \u00b0C. Marseille, liksom resten av Provence, \u00e4r k\u00e4nt f\u00f6r sina mistralvindar som byggs upp i Rh\u00f4nedalen.<\/p>\n\n\n\n<p>Marseille har under \u00e5rens haft m\u00e5nga olika folkgrupper. Under f\u00f6rsta halvan av 1900-talet var 40% av innev\u00e5narna fr\u00e5n Italien &amp; Grekland. Ryssarna kom 1917; Armenier 1915 och 1923; Vietnameser p\u00e5 1920-talet, 1954 och efter 1975 Korsikaner under 1920 och 1930-talen; Spanjorer efter 1936. Nord Afrikaner (b\u00e5de Araber och Berber) mellan v\u00e4rldskrigen, Sub-Sahara afrikaner efter kriget 1945. Sen 1962 flyktingar fr\u00e5n Algeriet; sen Comorrena 1975.<\/p>\n\n\n\n<p><strong>Filmer som utspelar sig i Marseille:<\/strong><\/p>\n\n\n\n<ul>\n<li>La villa\/Huset vid havet, av Robert Gu\u00e9diguian som i princip alltid skildrar Marseille i sina filmer: <a href=\"https:\/\/www.imdb.com\/title\/tt7219324\/\" target=\"_blank\" rel=\"noreferrer noopener\">https:\/\/www.imdb.com\/title\/tt7219324\/<\/a><\/li>\n\n\n\n<li>Les neiges du Kilimandjaro\/ Sn\u00f6n p\u00e5 Kilimanjaro av Robert Gu\u00e9diguian: <a href=\"https:\/\/www.imdb.com\/title\/tt1852006\/\">https:\/\/www.imdb.com\/title\/tt1852006\/<\/a><\/li>\n\n\n\n<li>Gloria Mundi\/Min dotter Gloria av Robert Gu\u00e9diguian: <a href=\"https:\/\/www.imdb.com\/title\/tt9584814\/\" target=\"_blank\" rel=\"noreferrer noopener\">https:\/\/www.imdb.com\/title\/tt9584814\/<\/a><\/li>\n\n\n\n<li>La French\/Syndikatet: <a href=\"https:\/\/www.imdb.com\/title\/tt2935564\/\" target=\"_blank\" rel=\"noreferrer noopener\">https:\/\/www.imdb.com\/title\/tt2935564\/<\/a><\/li>\n\n\n\n<li>BAC Nord: <a href=\"https:\/\/www.imdb.com\/title\/tt10404944\/\" target=\"_blank\" rel=\"noreferrer noopener\">https:\/\/www.imdb.com\/title\/tt10404944\/<\/a><\/li>\n\n\n\n<li>Stillwater <a href=\"https:\/\/en.wikipedia.org\/wiki\/Stillwater_(film)\" target=\"_blank\" rel=\"noreferrer noopener\">https:\/\/en.wikipedia.org\/wiki\/Stillwater_(film)<\/a><\/li>\n\n\n\n<li>The Transporter <a href=\"https:\/\/en.wikipedia.org\/wiki\/The_Transporter\" target=\"_blank\" rel=\"noreferrer noopener\">https:\/\/en.wikipedia.org\/wiki\/The_Transporter<\/a><\/li>\n\n\n\n<li>The Balconettes <a href=\"https:\/\/www.imdb.com\/title\/tt27721737\" target=\"_blank\" rel=\"noreferrer noopener\">https:\/\/www.imdb.com\/title\/tt27721737<\/a><\/li>\n<\/ul>\n\n\n\n<p><strong>TV serier:<\/strong><\/p>\n\n\n\n<ul>\n<li>Pax Massilia\/Blodkusten Netflix serie: <a href=\"https:\/\/www.imdb.com\/title\/tt28129282\/\" target=\"_blank\" rel=\"noreferrer noopener\">https:\/\/www.imdb.com\/title\/tt28129282\/<\/a><\/li>\n\n\n\n<li>Marseille: <a href=\"https:\/\/www.imdb.com\/title\/tt4003966\/\" target=\"_blank\" rel=\"noreferrer noopener\">https:\/\/www.imdb.com\/title\/tt4003966\/<\/a><\/li>\n\n\n\n<li>Young Millionaires <a href=\"https:\/\/www.imdb.com\/title\/tt36955264\" target=\"_blank\" rel=\"noreferrer noopener\">https:\/\/www.imdb.com\/title\/tt36955264<\/a><\/li>\n<\/ul>\n","protected":false},"excerpt":{"rendered":"<p>Marseille&nbsp; \u00e4r Frankrikes n\u00e4st st\u00f6rsta stad. Den ligger i departementet Bouches-du-Rh\u00f4ne, Provence, i syd\u00f6stra Frankrike. Den grundades under namnet Massalia \/ \u039c\u03b1\u03c3\u03c3\u03b1\u03bb\u03af\u03b1 av grekiska kolonisat\u00f6rer&nbsp; p\u00e5 600-talet f.Kr., och \u00e4r d\u00e4rmed Frankrikes \u00e4ldsta stad. Marseille har medelhavsklimat och h\u00e4r ligger Frankrikes st\u00f6rsta medelhavshamn f\u00f6r civilt \u00e4ndam\u00e5l, med f\u00e4rjetrafik till Nordafrika, Italien och Spanien. Inv\u00e5narna kallas &hellip; <\/p>\n<p class=\"link-more\"><a href=\"https:\/\/lemadeleine.se\/index.php\/test\/\" class=\"more-link\">Forts\u00e4tt l\u00e4sa<span class=\"screen-reader-text\"> &#8221;Om Marseille&#8221;<\/span><\/a><\/p>\n","protected":false},"author":1,"featured_media":0,"parent":0,"menu_order":0,"comment_status":"closed","ping_status":"closed","template":"","meta":{"jetpack_post_was_ever_published":false,"footnotes":""},"jetpack_sharing_enabled":true,"jetpack_shortlink":"https:\/\/wp.me\/Pa3I6H-1uG","_links":{"self":[{"href":"https:\/\/lemadeleine.se\/index.php\/wp-json\/wp\/v2\/pages\/5746"}],"collection":[{"href":"https:\/\/lemadeleine.se\/index.php\/wp-json\/wp\/v2\/pages"}],"about":[{"href":"https:\/\/lemadeleine.se\/index.php\/wp-json\/wp\/v2\/types\/page"}],"author":[{"embeddable":true,"href":"https:\/\/lemadeleine.se\/index.php\/wp-json\/wp\/v2\/users\/1"}],"replies":[{"embeddable":true,"href":"https:\/\/lemadeleine.se\/index.php\/wp-json\/wp\/v2\/comments?post=5746"}],"version-history":[{"count":3,"href":"https:\/\/lemadeleine.se\/index.php\/wp-json\/wp\/v2\/pages\/5746\/revisions"}],"predecessor-version":[{"id":5749,"href":"https:\/\/lemadeleine.se\/index.php\/wp-json\/wp\/v2\/pages\/5746\/revisions\/5749"}],"wp:attachment":[{"href":"https:\/\/lemadeleine.se\/index.php\/wp-json\/wp\/v2\/media?parent=5746"}],"curies":[{"name":"wp","href":"https:\/\/api.w.org\/{rel}","templated":true}]}}