{"id":501,"date":"2019-01-20T19:28:35","date_gmt":"2019-01-20T18:28:35","guid":{"rendered":"http:\/\/lemadeleine.se\/?page_id=501"},"modified":"2026-01-21T21:23:40","modified_gmt":"2026-01-21T20:23:40","slug":"att-gora-och-besoka","status":"publish","type":"page","link":"https:\/\/lemadeleine.se\/index.php\/att-gora-och-besoka\/","title":{"rendered":"Att g\u00f6ra och handla"},"content":{"rendered":"<p><iframe loading=\"lazy\" src=\"https:\/\/www.google.com\/maps\/d\/u\/0\/embed?mid=1rtKOepWGgMIjvRq458A2KT7r6dbmX9Ee\" width=\"640\" height=\"480\"><\/iframe><\/p>\n<h2>Att se<\/h2>\n<p>Vieux Port &#8211; den gamla hamnen, navet i Marseille. Alltid massa saker som h\u00e4nder d\u00e4r, gatuartister, fiskmarknad mm mm. P\u00e5 b\u00e5da sidorna om hamnen ligger massor av (lite turistiska) barer och restauranger.<\/p>\n<p>Plage des Catalans &#8211; liten strand inne i staden<\/p>\n<p><a href=\"http:\/\/www.theglitteringunknown.com\/iles-de-frioul\/\">Frioul \u00f6arna<\/a> &#8211; fina \u00f6ar precis utanf\u00f6r Marseilles, fint att promenera, fint att bada och bra restauranger f\u00f6r lunch. B\u00e5tarna g\u00e5r fr\u00e5n Vieux Port\u00a0<a href=\"https:\/\/www.frioul-if-express.com\/en\">www.frioul-if-express.com\/en\u00a0<\/a>Man kan k\u00f6pa biljett i f\u00f6rv\u00e4g till en viss tur vilket \u00e4r smart d\u00e5 det kan bli l\u00e5ng k\u00f6 till biljetterna ibland<\/p>\n<p><a href=\"https:\/\/www.grotte-cosquer.com\/\">Cosquer grottan <\/a>En kopia av den ber\u00f6mda Cosquer grottan som finns i havet vid Marseille och som hitade 1991, fint och sp\u00e4nnande museum d\u00e4r man f\u00e5r komma in i en exaklt uppbygd kopia av grottan. Man ser m\u00e5lningarna och mer. Ligger n\u00e4ra Mucem<\/p>\n<p><a href=\"https:\/\/www.marseille-tourisme.com\/en\/discover-marseille\/culture-heritage\/the-abbey-of-saint-victor\/\">Abbaye Saint-Victor<\/a> &#8211; mycket gammalt kloster\/kyrka en av Europas \u00e4ldsta kristna byggnader. Missa inte kryptan, h\u00e4ftig och v\u00e4ldigt annorlunda, kostar 2\u20ac att g\u00e5 ner d\u00e4r<\/p>\n<p><a href=\"http:\/\/monumentsdemarseille.com\/parc-borely\">Parc Bor\u00e9ly<\/a> &#8211; stor fin park en bit utanf\u00f6r Marseilles med botaniska tr\u00e4dg\u00e5rden bl.a och konstmuseumet:<\/p>\n<p><a href=\"https:\/\/fr.wikipedia.org\/wiki\/Cit%C3%A9_radieuse_de_Marseille\">Cit\u00e9 radieuse de Marseille<\/a> &#8211; Fantastiskt hus\u00a0som byggdes mellan 1947 och 1952 av arkitekten Le Corbusier. Idag v\u00e4rldsarv. Man f\u00e5r g\u00e5 in i huset och upp p\u00e5 taket.<\/p>\n<p><a href=\"http:\/\/www.lafriche.org\/fr\/\">Friche Belle de Mai<\/a> &#8211; typ ett stort kulturcenter (lite som Fryshuset) med m\u00e5nga olika aktiviteter och utst\u00e4llningar.<\/p>\n<p><a href=\"https:\/\/travelguide.michelin.com\/europe\/france\/provence-french-riviera\/bouches-du-rhone\/marseille\/reportage\/le-panier-stroll-through\">Le Panier &#8211; gamla staden.<\/a> Ett omr\u00e5de med gamla smala gator och hus, sm\u00e5 hantverksbutiker och blandat<\/p>\n<p><a href=\"http:\/\/www.notredamedelagarde.com\/\">Basilique Notre-Dame de la Garde<\/a> &#8211; Marseilles mest k\u00e4nda sev\u00e4rdhet. En fin kyrka h\u00f6gst uppe p\u00e5 toppen med fantastisk utsikt.<\/p>\n<p><a href=\"http:\/\/marseille.catholique.fr\/La-Major-cathedrale\">Cath\u00e9drale La Major<\/a> &#8211; stor katedral nere vid hamnen, en av v\u00e4rldens st\u00f6rsta katedraler, fantastiskt mosaikgolv.<\/p>\n<p><a href=\"http:\/\/opera.marseille.fr\/\">Operan<\/a> &#8211; stor fin klassisk Opera, biljetter mellan 15 och 80\u20ac<\/p>\n<h2>Museer<\/h2>\n<p><a href=\"http:\/\/www.mucem.org\/\">MuCEM \u2013 Mus\u00e9e des civilisations de l&#8217;Europe et de la M\u00e9diterran\u00e9e<\/a> &#8211; stort fint nybyggt museum med blandade utst\u00e4llningar. Intressant om Medelhavet och marseille<\/p>\n<p><a href=\"http:\/\/musee-histoire-marseille-voie-historique.fr\/\">Mus\u00e9e d&#8217;Histoire de Marseille<\/a> &#8211; historiskt museum med Marseilles historia fr\u00e5n antiken fram till nu. Interessant, mycket om det antika som man kan g\u00e5 r\u00e4tt fort f\u00f6rbi och ist\u00e4llet leta sig fram till lite mer modern tid.<\/p>\n<p>Parc Longchamp &#8211; park n\u00e4ra oss med ett <a href=\"http:\/\/www.marseille.fr\/node\/639\">stort konstmuseum<\/a> och ett <a href=\"http:\/\/culture.marseille.fr\/node\/635\">naturhistoriskt museum<\/a> Med &#8221;ARTEDI&#8221; inskrivet p\u00e5 v\u00e4ggen<\/p>\n<p><a href=\"http:\/\/culture.marseille.fr\/les-musees-de-marseille\/musee-cantini\">Mus\u00e9e Cantini<\/a> &#8211; Fransk 1900-tals konst i fint hus<\/p>\n<p><a href=\"http:\/\/culture.marseille.fr\/les-musees-de-marseille\/chateau-borely-musee-des-arts-decoratifs-de-la-faience-et-de-la-mode\"><span style=\"vertical-align: inherit;\">Museum of Decorative Arts, Earthware och Fashion<\/span><\/a><span style=\"vertical-align: inherit;\"> &#8211; Design och modemuseum. Interessant olika utst\u00e4llningar<\/span><\/p>\n<p><a href=\"https:\/\/musees.marseille.fr\/memorial-des-deportations-0\">Memorial des deportations<\/a> Ett museum bredvid MUCEM om alla m\u00e4nniskor, fr\u00e4mst judar som tvingades bort fr\u00e5n Marseille 1942-43 och om spr\u00e4ngning av bostadskvarteren p\u00e5 norra sidan Viex Port &#8211; mycket intressant<\/p>\n<p><a href=\"https:\/\/www.marseille-tourisme.com\/en\/discover-marseille\/culture-heritage\/the-museums\/the-regards-de-provence-museum\/\">The Regards de Provence museum<\/a>. ett litet konst museum med en permanent utst\u00e4llning och s\u00e5 tillf\u00e4lliga utst\u00e4llningar, i ett v\u00e4ldigt speciellt hus byggt som en sort vaccinationscentral f\u00f6r anl\u00e4ndande till Marseille<\/p>\n<h2>Se p\u00e5 lite utanf\u00f6r Marseille<\/h2>\n<p><a href=\"https:\/\/www.france-travel-guide.net\/Calanques.html\">Parc national des Calanques<\/a> &#8211; fantastiskt natur omr\u00e5de med &#8221;fjordar&#8221; och klippor. Fint att promenera och bada. Man kan \u00e5ka b\u00e5t dit fr\u00e5n gamla hamnen men d\u00e5 f\u00e5r man inte g\u00e5 iland. Annars \u00e4r det buss fr\u00e5n Castelane och sen promenera.<\/p>\n<p>Port Pointe Rouge &#8211; strand och fritidsomr\u00e5de lite s\u00f6der om Marseilles dit man kan \u00e5ka pendelb\u00e5t -Navette<\/p>\n<p>L&#8217;Estaque\u00a0 &#8211; liten fiskar&#8221;by&#8221; eller snarare f\u00f6rort M\u00e5nga impressionistm\u00e5lare bla. Paul C\u00e9zanne bodde d\u00e4r periodvis.\u00a0 Stor sm\u00e5b\u00e5tshamn. Bus 35 fr\u00e5n Joilett funkar bra att ta sig dit med, eller b\u00e5t p\u00e5 sommaren.<\/p>\n<p>Cote Bleu, bl\u00e5 kusten som ligger typ h\u00e4r<\/p>\n<figure class=\"wp-block-image size-large\"><img loading=\"lazy\" decoding=\"async\" class=\"wp-image-4900\" src=\"http:\/\/lemadeleine.se\/wp-content\/uploads\/2025\/02\/bla-kusten-1024x368.png\" sizes=\"(max-width: 767px) 89vw, (max-width: 1000px) 54vw, (max-width: 1071px) 543px, 580px\" srcset=\"https:\/\/lemadeleine.se\/wp-content\/uploads\/2025\/02\/bla-kusten-1024x368.png 1024w, https:\/\/lemadeleine.se\/wp-content\/uploads\/2025\/02\/bla-kusten-300x108.png 300w, https:\/\/lemadeleine.se\/wp-content\/uploads\/2025\/02\/bla-kusten-768x276.png 768w, https:\/\/lemadeleine.se\/wp-content\/uploads\/2025\/02\/bla-kusten-1536x552.png 1536w, https:\/\/lemadeleine.se\/wp-content\/uploads\/2025\/02\/bla-kusten-2048x736.png 2048w\" alt=\"\" width=\"1024\" height=\"368\" \/><\/figure>\n<p>H\u00e4r finns lite att l\u00e4sa om bl\u00e5 kusten: <a href=\"https:\/\/www.marseille-tourisme.com\/decouvrez-marseille\/autour-de-marseille\/la-cote-bleue\/\">https:\/\/www.marseille-tourisme.com\/decouvrez-marseille\/autour-de-marseille\/la-cote-bleue\/<\/a><\/p>\n<p>D\u00e4r finns lite sm\u00e5 byar\/st\u00e4der l\u00e4ngst kusten som k\u00e4nns som p\u00e5 landet men \u00e4nd\u00e5 \u00e4r n\u00e4ra till Marseille, tar ca 35-40 minuter med ett pendelt\u00e5g fr\u00e5n centralstationen. Fin resa med t\u00e5get l\u00e4ngst kusten, \u00f6ver l\u00e5nga broar och genom tunnlar. Man kan g\u00e5 av tex Sausset-Les-Pins, g\u00e5r ner till den lilla hamnen, superfint d\u00e4r med m\u00e5nga olika restauranger.Sen kan man promenera l\u00e4ngs kusten kollar lite p\u00e5 hus och p\u00e5 str\u00e4nder, kommer till n\u00e4sta lilla by Carry-le-Rouet. Eller s\u00e5 g\u00e5r man av vid den stationen och ner till hamnen d\u00e4r. V\u00e4ldigt fint omr\u00e5de och m\u00e5nga sm\u00e5\u00a0 fina str\u00e4nder.<\/p>\n<figure class=\"wp-block-gallery has-nested-images columns-2 is-cropped wp-block-gallery-1 is-layout-flex wp-block-gallery-is-layout-flex\">\n<figure class=\"wp-block-image size-large\"><\/figure>\n<figure class=\"wp-block-image size-large\"><\/figure>\n<figure class=\"wp-block-image size-large\"><\/figure>\n<\/figure>\n<figure class=\"wp-block-gallery has-nested-images columns-default is-cropped wp-block-gallery-3 is-layout-flex wp-block-gallery-is-layout-flex\">\n<figure class=\"wp-block-image size-large\"><\/figure>\n<figure class=\"wp-block-image size-large\"><\/figure>\n<\/figure>\n<h2>Handla mat och s\u00e5nt n\u00e4ra oss<\/h2>\n<p>Boulangerie la Banettine &#8211; bra bageri p\u00e5 102 Rue Consolat<\/p>\n<p>Vin &#8211;\u00a0C\u00e9pages D\u00e9p\u00f4t p\u00e5\u00a06 Rue de Provence<\/p>\n<p>Ost &#8211; typ p\u00e5\u00a01 Rue Mar\u00e9chal Fayolle<\/p>\n<p><span style=\"vertical-align: inherit;\"><span style=\"vertical-align: inherit;\">Mataff\u00e4r &#8211; Monoprix p\u00e5\u00a010 Rue Mar\u00e9chal Fayolle eller Casion p\u00e5\u00a04 Avenue du Mar\u00e9chal Foch<\/span><\/span><\/p>\n<p>Gr\u00f6nsaker &#8211; precis f\u00f6re bageriet, typ\u00a09 Rue d&#8217;Isoard. Har lite allt m\u00f6jligt, gener\u00f6sa \u00f6ppettider.<\/p>\n<p>Fiskaff\u00e4r &#8211;\u00a0 Poissonnerie Fernande typ mittemot Monoprix Avenue des Chartreux<\/p>\n<p>K\u00f6ttbutik, slaktare &#8211;\u00a0Foch 2000,\u00a016 Avenue du Mar\u00e9chal Foch, lite nedanf\u00f6r Casino<\/p>\n<p><a href=\"http:\/\/www.provence-guide.net\/marches\/provencaux.php?id=2447&amp;lang=fr\">March\u00e9 de la Canebi\u00e8re,\u00a0Marknad<\/a> &#8211; p\u00e5 l\u00f6rdagar och tisdagar\u00a0 nere vid R\u00e9form\u00e9s Canebi\u00e8re. Det \u00e4r gr\u00f6nsaker, mat, blommor och antikviteter (antikviteter i alla fall p\u00e5 l\u00f6rdagen).<\/p>\n<p>Fisk s\u00e4ljs nere i gamla hamnen fr\u00e5n b\u00e5tarna m\u00e5nga dagar i veckan.<\/p>\n<p><a href=\"http:\/\/www.provence-guide.net\/marches\/provencaux.php?lang=fr&amp;id=2448\">Marche de Noailles<\/a> \u00e4r en stor marknad ner i arab-kvarteren i\u00a0Noailles, \u00d6ppet alla dagar utom s\u00f6ndagar?<\/p>\n<h2><span style=\"vertical-align: inherit;\"><span style=\"vertical-align: inherit;\">Shopping<\/span><\/span><\/h2>\n<p>Fina shoppinggatan &#8211; Rue Paradis och parallellgator med m\u00e5nga fina och trevliga aff\u00e4rer<\/p>\n<p><a href=\"https:\/\/bourse.klepierre.fr\/\">Centre Bourse<\/a> &#8211; lite mindre galleria men bra, finns bla ett stort Gallerie Lafayette<\/p>\n<p><a href=\"https:\/\/www.lesterrassesduport.com\/\">Les Terrasses Du Port<\/a> &#8211; stor galleria med massor av olika aff\u00e4rer. \u00d6ppet till kl 20 alla dagar.<\/p>\n<p><a href=\"http:\/\/www.lesdocks-marseille.com\/en\/\">Les Docks Village\u00a0<\/a>ombyggt gammalt kvarter precis bredvid Les Terrasses Du Port. Lite snajdigare stil, designbutiker mm. Fint gjort.<\/p>\n<p><a href=\"http:\/\/www.lamaisondupastis.com\/\">La Maison Du Pastis<\/a> &#8211; Pastisaff\u00e4r med massor av lokalt sm\u00e5skaligt tillverkade pastiser<\/p>\n<p><a href=\"http:\/\/www.galerieslafayette.com\/magasin-marseille\/\">Galeries Lafayette Marseille<\/a> &#8211; Stort bra varuhus i Centre Bourse<\/p>\n<p><a href=\"https:\/\/www.empereur.fr\/\">Maison Empereur<\/a> &#8211; en superstor gammal j\u00e4rnhandel har massor av grejor allt fr\u00e5n verktyg till inredning och k\u00f6ksprylar<\/p>\n<p><a href=\"http:\/\/www.centrecommerciallespuces.com\/antiquaires\">March\u00e9 aux Puces <\/a>&#8211; en gigantisk loppmarknad, \u00f6ppen alla dagar utom m\u00e5ndag. Best\u00e5r av olika delar, dels ett stor byggnad med tv\u00e5 v\u00e5ningar som inneh\u00e5ller antikviteter, r\u00e4tt blandat med mycket 50-60-tal. Sen en superstor hangar med en ty saluhall fast men mycket mer \u00e4n vad man normal s\u00e4tt hittar i en saluhall. Utanf\u00f6r omr\u00e5det finns m\u00e5nga gatuf\u00f6rs\u00e4ljare som s\u00e4ljer typ &#8221;skr\u00e4p&#8221;. Buss 35 fr\u00e5n Joliette \u00e4r bra att \u00e5ka dit.<\/p>\n","protected":false},"excerpt":{"rendered":"<p>Att se Vieux Port &#8211; den gamla hamnen, navet i Marseille. Alltid massa saker som h\u00e4nder d\u00e4r, gatuartister, fiskmarknad mm mm. P\u00e5 b\u00e5da sidorna om hamnen ligger massor av (lite turistiska) barer och restauranger. Plage des Catalans &#8211; liten strand inne i staden Frioul \u00f6arna &#8211; fina \u00f6ar precis utanf\u00f6r Marseilles, fint att promenera, fint &hellip; <\/p>\n<p class=\"link-more\"><a href=\"https:\/\/lemadeleine.se\/index.php\/att-gora-och-besoka\/\" class=\"more-link\">Forts\u00e4tt l\u00e4sa<span class=\"screen-reader-text\"> &#8221;Att g\u00f6ra och handla&#8221;<\/span><\/a><\/p>\n","protected":false},"author":1,"featured_media":0,"parent":0,"menu_order":0,"comment_status":"closed","ping_status":"closed","template":"","meta":{"jetpack_post_was_ever_published":false,"footnotes":""},"jetpack_sharing_enabled":true,"jetpack_shortlink":"https:\/\/wp.me\/Pa3I6H-85","_links":{"self":[{"href":"https:\/\/lemadeleine.se\/index.php\/wp-json\/wp\/v2\/pages\/501"}],"collection":[{"href":"https:\/\/lemadeleine.se\/index.php\/wp-json\/wp\/v2\/pages"}],"about":[{"href":"https:\/\/lemadeleine.se\/index.php\/wp-json\/wp\/v2\/types\/page"}],"author":[{"embeddable":true,"href":"https:\/\/lemadeleine.se\/index.php\/wp-json\/wp\/v2\/users\/1"}],"replies":[{"embeddable":true,"href":"https:\/\/lemadeleine.se\/index.php\/wp-json\/wp\/v2\/comments?post=501"}],"version-history":[{"count":33,"href":"https:\/\/lemadeleine.se\/index.php\/wp-json\/wp\/v2\/pages\/501\/revisions"}],"predecessor-version":[{"id":5753,"href":"https:\/\/lemadeleine.se\/index.php\/wp-json\/wp\/v2\/pages\/501\/revisions\/5753"}],"wp:attachment":[{"href":"https:\/\/lemadeleine.se\/index.php\/wp-json\/wp\/v2\/media?parent=501"}],"curies":[{"name":"wp","href":"https:\/\/api.w.org\/{rel}","templated":true}]}}