{"id":360,"date":"2018-10-21T10:48:53","date_gmt":"2018-10-21T08:48:53","guid":{"rendered":"http:\/\/lemadeleine.se\/?page_id=360"},"modified":"2026-01-19T14:11:48","modified_gmt":"2026-01-19T13:11:48","slug":"aka-hem","status":"publish","type":"page","link":"https:\/\/lemadeleine.se\/index.php\/aka-hem\/","title":{"rendered":"\u00c5ka hem"},"content":{"rendered":"\n<h2 class=\"wp-block-heading\">Att g\u00f6ra n\u00e4r man ska \u00e5ka hem<\/h2>\n\n\n\n<ul>\n<li>St\u00e4ng av vatten: Diskmaskin och tv\u00e4ttmaskin<\/li>\n\n\n\n<li>Dra ut alla elkontakter som inte anv\u00e4nds. OBS sladd dosan i &#8221;Kuben&#8221; ska inte dras ut eller st\u00e4ngas av.<\/li>\n\n\n\n<li>Dra ur str\u00f6mmen till TVn. Obs resten av burkarna i TV-sk\u00e5pet ska vara p\u00e5. Dra upp v\u00e4nstra luckan till tv-sk\u00e5pet s\u00e5 den \u00e4r helt \u00f6ppen. Kolla att Wifi funkar<\/li>\n\n\n\n<li>T\u00f6m diskmaskin och reng\u00f6r silen<\/li>\n\n\n\n<li>Kolla att spisen och ugnen \u00e4r avst\u00e4ngda<\/li>\n\n\n\n<li>Sl\u00e4ng allt i kylen som inte h\u00e5ller ett par m\u00e5nader. L\u00e4gg det som \u00e4r v\u00e4rt att spara i frysen (frys in margarin och sm\u00f6r). Resten som \u00e4r anv\u00e4ndbart kan man s\u00e4tta i Sociala kylsk\u00e5pet uppe p\u00e5 gatan ist\u00e4llet f\u00f6r att sl\u00e4ngas<\/li>\n\n\n\n<li>L\u00e4mna inga frukt och gr\u00f6nsaker framme<\/li>\n\n\n\n<li>l\u00e4gg \u00f6ppnade f\u00f6rpackningar i plastbackarna i skafferil\u00e5dorna &#8211; eller sl\u00e4ng.<\/li>\n\n\n\n<li>St\u00e4ll in flaska vitt vin och n\u00e5gra \u00f6l i kylen (om det finns)<\/li>\n\n\n\n<li>Sl\u00e4ng alla sopor (t\u00f6m \u00e4ven papperskorgar) och tomflaskor<\/li>\n\n\n\n<li>Ta in tv\u00e4tt, duk fr\u00e5n balkongen, ta in torkst\u00e4llningen, ta in kuddar och lampor (inte de som sitter i r\u00e4cket) fr\u00e5n balkongen och alla m\u00f6bler, soffan kan dock st\u00e5 kvar.<\/li>\n\n\n\n<li>St\u00e4da, dammsug, torka av k\u00f6ksb\u00e4nkar och diskb\u00e4nk och plocka i ordning, spola p\u00e5 toa.<\/li>\n\n\n\n<li>Nya duschen har en &#8221;h\u00e5r uppsamlare&#8221; som \u00e4r bra om man t\u00f6mmer<\/li>\n<\/ul>\n\n\n\n<figure class=\"wp-block-gallery has-nested-images columns-default is-cropped wp-block-gallery-1 is-layout-flex wp-block-gallery-is-layout-flex\">\n<figure class=\"wp-block-image size-large\"><img loading=\"lazy\" decoding=\"async\" width=\"1024\" height=\"934\" data-id=\"5514\" src=\"https:\/\/lemadeleine.se\/wp-content\/uploads\/2025\/10\/20251012_110900-1024x934.jpg\" alt=\"\" class=\"wp-image-5514\" srcset=\"https:\/\/lemadeleine.se\/wp-content\/uploads\/2025\/10\/20251012_110900-1024x934.jpg 1024w, https:\/\/lemadeleine.se\/wp-content\/uploads\/2025\/10\/20251012_110900-300x274.jpg 300w, https:\/\/lemadeleine.se\/wp-content\/uploads\/2025\/10\/20251012_110900-768x701.jpg 768w, https:\/\/lemadeleine.se\/wp-content\/uploads\/2025\/10\/20251012_110900-1536x1402.jpg 1536w, https:\/\/lemadeleine.se\/wp-content\/uploads\/2025\/10\/20251012_110900-2048x1869.jpg 2048w\" sizes=\"(max-width: 767px) 89vw, (max-width: 1000px) 54vw, (max-width: 1071px) 543px, 580px\" \/><figcaption class=\"wp-element-caption\">dra ut och upp<\/figcaption><\/figure>\n\n\n\n<figure class=\"wp-block-image size-large\"><img loading=\"lazy\" decoding=\"async\" width=\"1024\" height=\"982\" data-id=\"5513\" src=\"https:\/\/lemadeleine.se\/wp-content\/uploads\/2025\/10\/20251012_110917-1024x982.jpg\" alt=\"\" class=\"wp-image-5513\" srcset=\"https:\/\/lemadeleine.se\/wp-content\/uploads\/2025\/10\/20251012_110917-1024x982.jpg 1024w, https:\/\/lemadeleine.se\/wp-content\/uploads\/2025\/10\/20251012_110917-300x288.jpg 300w, https:\/\/lemadeleine.se\/wp-content\/uploads\/2025\/10\/20251012_110917-768x737.jpg 768w, https:\/\/lemadeleine.se\/wp-content\/uploads\/2025\/10\/20251012_110917-1536x1473.jpg 1536w, https:\/\/lemadeleine.se\/wp-content\/uploads\/2025\/10\/20251012_110917-2048x1964.jpg 2048w\" sizes=\"(max-width: 767px) 89vw, (max-width: 1000px) 54vw, (max-width: 1071px) 543px, 580px\" \/><figcaption class=\"wp-element-caption\">ta upp<\/figcaption><\/figure>\n\n\n\n<figure class=\"wp-block-image size-large\"><img loading=\"lazy\" decoding=\"async\" width=\"1024\" height=\"991\" data-id=\"5512\" src=\"https:\/\/lemadeleine.se\/wp-content\/uploads\/2025\/10\/20251012_110933-1024x991.jpg\" alt=\"\" class=\"wp-image-5512\" srcset=\"https:\/\/lemadeleine.se\/wp-content\/uploads\/2025\/10\/20251012_110933-1024x991.jpg 1024w, https:\/\/lemadeleine.se\/wp-content\/uploads\/2025\/10\/20251012_110933-300x290.jpg 300w, https:\/\/lemadeleine.se\/wp-content\/uploads\/2025\/10\/20251012_110933-768x744.jpg 768w, https:\/\/lemadeleine.se\/wp-content\/uploads\/2025\/10\/20251012_110933-1536x1487.jpg 1536w, https:\/\/lemadeleine.se\/wp-content\/uploads\/2025\/10\/20251012_110933-2048x1983.jpg 2048w\" sizes=\"(max-width: 767px) 89vw, (max-width: 1000px) 54vw, (max-width: 1071px) 543px, 580px\" \/><figcaption class=\"wp-element-caption\">rensa<\/figcaption><\/figure>\n<\/figure>\n\n\n\n<ul>\n<li>St\u00e4ng av handdukstorken i badrummet<\/li>\n\n\n\n<li>Kolla att alla lampor \u00e4r sl\u00e4ckta, speciellt den i och uppe p\u00e5 kuben.&nbsp;<\/li>\n\n\n\n<li>Dra ur sladden till &#8221;bokhylle&#8221; belysningen i bl\u00e5a hyllorna, stickproppen \u00e4r i dolda sk\u00e5pet under spritsk\u00e5pet.<\/li>\n\n\n\n<li>T\u00f6m postl\u00e5dan, ta med brev hem och l\u00e4mna kvar nyckeln till postfacket i l\u00e4genheten.<\/li>\n\n\n\n<li>Koppla in kamerorna en inne och en ute (och kolla att de funkar)<\/li>\n\n\n\n<li>Vattna blommorna ute p\u00e5 balkongen<\/li>\n\n\n\n<li>St\u00e4ng och l\u00e5s f\u00f6nster och dra ner alla jalusierna, 6 stycken (dra ner de s\u00e5 det blir helt m\u00f6rkt\/st\u00e4ngt) <\/li>\n\n\n\n<li>Kolla att lampan\/fl\u00e4kten i L&amp;T sovrum \u00e4r avst\u00e4ngd dvs intryckt &#8221;uppe&#8221;<\/li>\n<\/ul>\n\n\n\n<figure class=\"wp-block-image size-medium\"><img loading=\"lazy\" decoding=\"async\" width=\"205\" height=\"300\" src=\"https:\/\/lemadeleine.se\/wp-content\/uploads\/2025\/07\/20250708_190227-205x300.jpg\" alt=\"\" class=\"wp-image-5375\" srcset=\"https:\/\/lemadeleine.se\/wp-content\/uploads\/2025\/07\/20250708_190227-205x300.jpg 205w, https:\/\/lemadeleine.se\/wp-content\/uploads\/2025\/07\/20250708_190227-700x1024.jpg 700w, https:\/\/lemadeleine.se\/wp-content\/uploads\/2025\/07\/20250708_190227-768x1124.jpg 768w, https:\/\/lemadeleine.se\/wp-content\/uploads\/2025\/07\/20250708_190227-1050x1536.jpg 1050w, https:\/\/lemadeleine.se\/wp-content\/uploads\/2025\/07\/20250708_190227-1399x2048.jpg 1399w, https:\/\/lemadeleine.se\/wp-content\/uploads\/2025\/07\/20250708_190227-scaled.jpg 1749w\" sizes=\"(max-width: 205px) 100vw, 205px\" \/><\/figure>\n\n\n<ul>\n<li>L\u00e5s d\u00f6rren dvs st\u00e4ng inte bara utan vrid om l\u00e5set ocks\u00e5<\/li>\n<\/ul>\n<p>Om det beh\u00f6vs, dvs har anv\u00e4nts:<\/p>\n<ul>\n<li>St\u00e4ng av (dra ner) alla element, st\u00e4ng g\u00e4rna av\u00a0 p\u00e5 ing\u00e5ende p\u00e5 toa och f\u00f6rr\u00e5d, se nedan<\/li>\n<li>St\u00e4ng av vinkyl o den \u00e4r p\u00e5, dra ur sladden.<\/li>\n<\/ul>\n<h2>Flyg hem<\/h2>\n<p>Flygbussen g\u00e5r fr\u00e5n t\u00e5gstationen, den g\u00e5r var 10e minut p\u00e5 dagarna, den tar 30 minuter till flygplatsen. Om vi inte ska checka in n\u00e5n v\u00e4ska eller har n\u00e5got annat specialjox s\u00e5 brukar vi g\u00e5 fr\u00e5n l\u00e4genheten ca 2 timmar och 10 eller 15 minuter f\u00f6re planets avg\u00e5ngstid.<\/p>\n<h2>V\u00e4rmen<\/h2>\n<p>Elementen sl\u00e5s av med en kran\/ratt och en termostat vid varje element, allts\u00e5 tv\u00e5 grejor per element att \u00f6ppna.<\/p>\n<p>Sen finns det vred p\u00e5 r\u00f6ren p\u00e5 toa och i kl\u00e4dkammaren f\u00f6r att sl\u00e5 p\u00e5 v\u00e4rmen i l\u00e4genheten. Till v\u00e4nster om toaletten, den sl\u00e5r p\u00e5 elementet vid soffan\/TVn, det \u00e4r tv\u00e5 vred, ett p\u00e5 ett r\u00f6r och ett p\u00e5 ett annat r\u00f6r.<\/p>\n<p>Sen \u00e4r det likadant i l\u00e4ngst in i h\u00f6gra h\u00f6rnet i kl\u00e4dkammaren, som sl\u00e5r p\u00e5 de andra elementen i sovrum och vid k\u00f6ket, h\u00f6rnet,\u00a0 Det \u00e4r tre vred, tv\u00e5 st p\u00e5 ett r\u00f6r ett stycke p\u00e5 ett r\u00f6r.<\/p>\n<p>Man ska st\u00e4ng alla kranarna n\u00e4r man \u00e5ker hem!<\/p>\n\n\n\n","protected":false},"excerpt":{"rendered":"<p>Att g\u00f6ra n\u00e4r man ska \u00e5ka hem L\u00e5s d\u00f6rren dvs st\u00e4ng inte bara utan vrid om l\u00e5set ocks\u00e5 Om det beh\u00f6vs, dvs har anv\u00e4nts: St\u00e4ng av (dra ner) alla element, st\u00e4ng g\u00e4rna av\u00a0 p\u00e5 ing\u00e5ende p\u00e5 toa och f\u00f6rr\u00e5d, se nedan St\u00e4ng av vinkyl o den \u00e4r p\u00e5, dra ur sladden. Flyg hem Flygbussen g\u00e5r &hellip; <\/p>\n<p class=\"link-more\"><a href=\"https:\/\/lemadeleine.se\/index.php\/aka-hem\/\" class=\"more-link\">Forts\u00e4tt l\u00e4sa<span class=\"screen-reader-text\"> &#8221;\u00c5ka hem&#8221;<\/span><\/a><\/p>\n","protected":false},"author":1,"featured_media":0,"parent":0,"menu_order":0,"comment_status":"closed","ping_status":"closed","template":"","meta":{"jetpack_post_was_ever_published":false,"footnotes":""},"jetpack_sharing_enabled":false,"jetpack_shortlink":"https:\/\/wp.me\/Pa3I6H-5O","_links":{"self":[{"href":"https:\/\/lemadeleine.se\/index.php\/wp-json\/wp\/v2\/pages\/360"}],"collection":[{"href":"https:\/\/lemadeleine.se\/index.php\/wp-json\/wp\/v2\/pages"}],"about":[{"href":"https:\/\/lemadeleine.se\/index.php\/wp-json\/wp\/v2\/types\/page"}],"author":[{"embeddable":true,"href":"https:\/\/lemadeleine.se\/index.php\/wp-json\/wp\/v2\/users\/1"}],"replies":[{"embeddable":true,"href":"https:\/\/lemadeleine.se\/index.php\/wp-json\/wp\/v2\/comments?post=360"}],"version-history":[{"count":39,"href":"https:\/\/lemadeleine.se\/index.php\/wp-json\/wp\/v2\/pages\/360\/revisions"}],"predecessor-version":[{"id":5727,"href":"https:\/\/lemadeleine.se\/index.php\/wp-json\/wp\/v2\/pages\/360\/revisions\/5727"}],"wp:attachment":[{"href":"https:\/\/lemadeleine.se\/index.php\/wp-json\/wp\/v2\/media?parent=360"}],"curies":[{"name":"wp","href":"https:\/\/api.w.org\/{rel}","templated":true}]}}