{"id":163,"date":"2018-07-11T22:25:50","date_gmt":"2018-07-11T20:25:50","guid":{"rendered":"http:\/\/lemadeleine.se\/?page_id=163"},"modified":"2026-01-18T18:22:35","modified_gmt":"2026-01-18T17:22:35","slug":"restauranger","status":"publish","type":"page","link":"https:\/\/lemadeleine.se\/index.php\/restauranger\/","title":{"rendered":"Restauranger"},"content":{"rendered":"<p>Prisj\u00e4mf\u00f6relser, L&amp;T middag med vin, 3 r\u00e4tter ibland delad f\u00f6rr\u00e4tt och\/eller efterr\u00e4tt, 4-5 tallrikar om det \u00e4r delade sm\u00e5r\u00e4tter.<\/p>\n<ul>\n<li>Les Bavards 61\u20ac (aug -24) (100\u20ac 4 pers april -25) Enkelt men trevligt.<\/li>\n<li>L&#8217;Entre Pots 73\u20ac (okt-23) P\u00e5 torget, rustik mat men gott och trevligt.<\/li>\n<li>Les eaux de Mars 79\u20ac (nov-23) Sm\u00e5r\u00e4tter att dela, lite bullrigt men mycket bra.<\/li>\n<li>Les Rigoles 101\u20ac (jan -26) 93\u20ac (feb -25) 86\u20ac (okt -25) p\u00e5 Bd Longchamp, goda vin &amp; sharing, ungdomligt, trevligt, gott<\/li>\n<li>Chez Vincent ca 98\u20ac (jan-25) Familjerestaurang med pizza vid 5 avenyer<\/li>\n<li>Tetro 111\u20ac (okt -25) pyttelitet st\u00e4lle, v\u00e4ldigt goda r\u00e4tter<\/li>\n<li>Le Delicatesse 111 \u20ac (jan -24) Toppenbra, litet st\u00e4lle p\u00e5 v\u00e5r gata, ofta fullt<\/li>\n<li>Prosper 119\u20ac (nov-25) fint litet st\u00e4lle, god mat, fina viner, trevligt,<\/li>\n<li>Lacaille (jan-25) 115-124\u20ac Trevligt och gott.<\/li>\n<li>Nestou 146\u20ac (maj -24) Fint och lite snajsigt st\u00e4lle vid Catalans.<\/li>\n<li>La Femme du Boucher 147\u20ac (sep-23) Helt ok, mycket k\u00f6tt.<\/li>\n<li>Regain 145\u20ac (sep-23) Sm\u00e5r\u00e4tter, lite tr\u00e5kig milj\u00f6 och st\u00e4mning.<\/li>\n<li>Le Grand Bar des Goudes 225\u20ac (dec -24) Mysigt med fiskebyn Goudes, men absolut inte v\u00e4rt priset.<\/li>\n<li>Saison 236\u20ac (5 r\u00e4tter) (okt -24) Oj, oj, oj vad gott!<\/li>\n<\/ul>\n<p>Det \u00e4r ingen rangordning p\u00e5 restaurangerna i listan nedan. Ofta beh\u00f6ver\/b\u00f6r man boka bord.<\/p>\n<h1>N\u00e4ra oss, typ kvarterskrogar<\/h1>\n<h2>Eaux de Mars<\/h2>\n<p>Ny\u00f6ppnad (v\u00e5ren 2021) ett ungt par som \u00f6ppnat med kvinnlig kock. V\u00e4ldigt goda r\u00e4tter, typ sm\u00e5r\u00e4tter. Typ 40\u20ac per tv\u00e5 personer utan vin\/\u00f6l.<\/p>\n<h2>Ashourya<\/h2>\n<p>Syrisk restaurang, v\u00e4ldigt popul\u00e4r. Ofta har de buff\u00e9, goda fr\u00e4scha grejor, supergod\u00a0 tabbouleh och falafel. Kakbuff\u00e9 till efterr\u00e4tt och intressant teer. 17\u20ac per person f\u00f6r buff\u00e9n (2020).<\/p>\n<h2>LA RENAISSANCE,<\/h2>\n<p>Marocansk restaurang, trevligt och gott, f\u00e5r r\u00e4tter, typ couscous eller tagine men v\u00e4ldigt gott och trevligt. Bra priser<\/p>\n<p>https:\/\/la-renaissance-marseille.eatbu.com\/?lang=en<\/p>\n<h2>Les Bavards,<\/h2>\n<p>Kvarterskrog uppe vid 5 avenyer, enkelt trevligt, fint att sitta ute p\u00e5 trottoaren, bra poris<\/p>\n<p>https:\/\/les-bavards-bouillonnerie-5-avenues.fr\/fr<\/p>\n<h2>Brasserie Le Colombia<\/h2>\n<p>Borta vid torget vid ostbutiken, Typ brasseri men bra, vi har bara \u00e4tit lunch d\u00e4r.<\/p>\n<p><a href=\"https:\/\/cinqavenues.lecolombia.fr\/wp-content\/uploads\/2021\/05\/CARTE-Colombia-5-avenues.pdf\" target=\"_blank\" rel=\"noopener noreferrer nofollow\">Click to access CARTE-Colombia-5-avenues.pdf<\/a><\/p>\n<h2>Bambino<\/h2>\n<p>Italiensk restaurang p\u00e5 v\u00e4gen ner mot Boulevard Chave. Moderna, gott, trevliga, bra priser.<\/p>\n<p>https:\/\/www.facebook.com\/bambinocamas\/<\/p>\n<h3>BELLEVILLE\/mer<\/h3>\n<p>Lite kvarterskrog med bara Marseillebor p\u00e5. Uppe vid Longchamps. G\u00f6r sm\u00e5r\u00e4tter, kallar det tapas men det \u00e4r mer &#8221;vanliga&#8221; r\u00e4tter i sm\u00e5portioner. Tv\u00e5 personer som delar p\u00e5 fyra r\u00e4tter med vin ca 50\u20ac (2018)<\/p>\n<h2>L&#8217;Entre Pots<\/h2>\n<p>God mat, lite rustik mat, bra priser och mysigt p\u00e5 torget, r\u00e4tt &#8221;k\u00f6ttig&#8221; mat. Mycket bra viner till bra pris. Fint att sitta p\u00e5 torget. S\u00e4ljer \u00e4ven vin.<\/p>\n<h2>Kimchi<\/h2>\n<p>Koreansk restaurang med trevlig personal, god mat till bra priser, ligger i porten bredvid oss.<\/p>\n<h2 class=\"DUwDvf lfPIob\">Le Bistroquet<\/h2>\n<p>Lite bistro vid Chave, fina uteplatser p\u00e5 trottoaren.<\/p>\n<p>https:\/\/lebistroquet.shopinzon.com\/?_keywords=restaurant-marseille-13005<\/p>\n<h2 class=\"DUwDvf lfPIob\">Maison Calambo<\/h2>\n<p>Skaldjur att k\u00f6pa med sig men ocks\u00e5 lunch servering, trevligt och gott.<\/p>\n<p>Uppe vid 5 avenyer<\/p>\n<h1>Vid vattnet<\/h1>\n<h2 class=\"DUwDvf fontHeadlineLarge\">Le Chalet du Pharo<\/h2>\n<p>En restaurang vid hamnen, ser in mot Vieux port, ute p\u00e5 Pharo-udden, trevligt, man sitter ute under tak, trevlig personal och god mat, 50\u20ac f\u00f6r 3 r\u00e4tters menyn. OBS man tog inte kort n\u00e4r vi var d\u00e4r.<\/p>\n<h2 class=\"DUwDvf fontHeadlineLarge\">Le Petit Pavillon<\/h2>\n<p>Ett st\u00e4lle precis vid havet, med solnedg\u00e5ng, fantastiskt l\u00e4ge, p\u00e5 Cornichen. Man f\u00e5r betala en del f\u00f6r l\u00e4get, maten ok men r\u00e4tt dyrt. Lite turistiskt men l\u00e4get, l\u00e4get&#8230;<\/p>\n<h2 class=\"DUwDvf lfPIob\">CHez Roger<\/h2>\n<p>Skaldjur, att k\u00f6pa med eller \u00e4ta p\u00e5 plats, v\u00e4ldigt gott och trevligt,<\/p>\n<p>Norra sidan av Vieux Port<\/p>\n<blockquote class=\"wp-embedded-content\" data-secret=\"Kvbjq92uqa\"><p><a href=\"https:\/\/www.roger-coquillages.fr\/\">Accueil<\/a><\/p><\/blockquote>\n<p><iframe class=\"wp-embedded-content\" sandbox=\"allow-scripts\" security=\"restricted\" style=\"position: absolute; clip: rect(1px, 1px, 1px, 1px);\" title=\"\u00ab\u00a0Accueil\u00a0\u00bb &#8212; Roger Coquillages - \u00c9cailler et d\u00e9gustation de coquillages \u00e0 Marseille\" src=\"https:\/\/www.roger-coquillages.fr\/embed\/#?secret=JrrROyA3EH#?secret=Kvbjq92uqa\" data-secret=\"Kvbjq92uqa\" width=\"525\" height=\"296\" frameborder=\"0\" marginwidth=\"0\" marginheight=\"0\" scrolling=\"no\"><\/iframe><\/p>\n<h2>Petit Nice &#8211; se nedan<\/h2>\n<h2>Chez Fonfon<\/h2>\n<p>I vallon-des-Auffes, mycket fin fiskrestaurang, dyrt, bra Bouillabaisse<\/p>\n<h1>\u00d6vrigt p\u00e5 stan<\/h1>\n<h2>La Cantine<\/h2>\n<p>Lite turistisk men bra mat, p\u00e5 ett stort restaurangtorg<\/p>\n<p>https:\/\/goo.gl\/maps\/SA4dpnQj7hUSLJnw6<\/p>\n<h2>La Cr\u00eape au Carr\u00e9<\/h2>\n<p>Crepes och Galetter, trevligt enkelt, lite turistisk, p\u00e5\u00a0 restaurangtorget<\/p>\n<h1>Michelin Restaurang Plate\/tallrik restauranger som vi har bes\u00f6kt<\/h1>\n<h2>Petit Nice<\/h2>\n<p>3 stj\u00e4rnor i Michelingudien. Fantastisk restaurang, som ligger p\u00e5 en klippa precis vid havet. Dyrt ca 800-1200\u20ac f\u00f6r tv\u00e5 personer med vin.<\/p>\n<h2>La Femme du Boucher<\/h2>\n<p>10 rue de Village, 13006, k\u00f6ttrestaurang, bra mat.<\/p>\n<h2>Regain<\/h2>\n<p>Sm\u00e5r\u00e4tter p\u00e5 innerg\u00e5rd, inte bra sep-23<\/p>\n<h2>La Mercerie<\/h2>\n<p>Modern, lite &#8221;poppig&#8221; restaurang med enbart en meny, dvs man v\u00e4ljer inget. I alla fall i maj 2019<\/p>\n<p>9 cours Saint-Louis, 13001 Marseille<\/p>\n<h2>Les Bords de Mer<\/h2>\n<p>52 corniche du Pr\u00e9sident-John-Fitzgerald-Kennedy,<\/p>\n<p>Hotellrestaurang, fint men lite anonymt. Jul 2019<\/p>\n<h2>S\u00e9pia<\/h2>\n<p>Ligger uppe p\u00e5 en h\u00f6jd i en park med en fin utsikt, v\u00e4ldigt goda sm\u00e5 r\u00e4tter, maj 2021<\/p>\n<p>2 rue Vauvenargues, 13007 Marseille<\/p>\n<h2>La caille<\/h2>\n<p>Fin liten restaurang, god fransk mat.<\/p>\n<p>42 rue des Trois-Mages, 13006 Marseille<\/p>\n<h2>La Cantinetta<\/h2>\n<p>Italiensk restaurang i Noilles,\u00a0 fin uteservering, trevligt omr\u00e5de. Mycket god mat, lite l\u00e5ngsamt n\u00e4r vi var d\u00e4r. Ca 60-70 \u20ac f\u00f6r tv\u00e5 personer och tv\u00e5 r\u00e4tter och karaff vin.<\/p>\n<p>24 cours Julien, 13006 Marseille<\/p>\n<h2>Bistro du Cours<\/h2>\n<p>Fin fransk restaurang 33\u20ac meny p\u00e5 kv\u00e4llen, mycket bra viner. 13 cours Julien, 13006 Marseille<\/p>\n<h2>P\u00e9ron<\/h2>\n<p>Precis vid havet, fint l\u00e4ge, fin solnedg\u00e5ng och fin milj\u00f6. Men inte prisv\u00e4rt. 56 corniche John-Fitzgerald-Kennedy, 13007 Marseille<\/p>\n<h1>Inte bes\u00f6kt p\u00e5 ett tag men gillade tidigare<\/h1>\n<h2>La Bo\u00eete \u00e0 Sardine<\/h2>\n<p>Liten fiskrestaurang p\u00e5 v\u00e5r gata. Trevlig kvarterskrog, liten meny men som byts ofta. Fisk och skaldjur. Ca 60-100\u20ac f\u00f6r tv\u00e5 personer, med tv\u00e5 r\u00e4tter och vin.<\/p>\n<h2>Chez Noel Pizzeria<\/h2>\n<p>Stor pizzeria med supergoda pizzor, stort inne och uteservering p\u00e5 sommaren. Precis nedanf\u00f6r katedralen. R\u00e4tt bra pris<\/p>\n<h2>Aux Antipodes<\/h2>\n<p>Supertrevlig restaurang som drivs av tv\u00e5 br\u00f6der. God sp\u00e4nnande och modern mat med lite asiatiska influenser. K\u00e4nd f\u00f6r sin &#8221;sushi-burgare&#8221; som \u00e4r v\u00e4ldigt god. Bra p\u00e5 engelska<\/p>\n<h2>L&#8217;Entrec\u00f4te Du Port<\/h2>\n<p>Nere vid gamla hamnen, r\u00e4tt turistiskt men god mat och trevligt. Klassiska Marseilles och franska r\u00e4tter.<\/p>\n<h1>Michelin Restaurang Plate\/tallrik restauranger som vi inte bes\u00f6kt<\/h1>\n<ul>\n<li>Madame Jeanne 84 rue de Grignan, 13001 Marseille<\/li>\n<li>Ourea 72 rue de la Paix-Marcel-Paul, 13006 Marseille<\/li>\n<li>C\u00e9drat 81 rue Breteuil, 13006 Marseill<\/li>\n<li>L&#8217;Escapade Marseillaise 134 rue Paradis, 13006 Marseille<\/li>\n<li>Nestou 43 rue de Suez, 13007 Marseille<\/li>\n<\/ul>\n<h1>Lite dyrare Michelin Restaurang Plate\/tallrik restauranger som vi inte bes\u00f6kt<\/h1>\n<ul>\n<li>Une Table au Sud \u20ac\u20ac\u20ac 2 quai du Port, 13002 Marseille<\/li>\n<li>Tabi &#8211; Ippei Uemura \u20ac\u20ac\u20ac\u20ac 165 corniche du Pr\u00e9sident-John-Fitzgerald-Kennedy, 13007 Marseille<\/li>\n<li>Chez Fonfon \u20ac\u20ac\u20ac 140 vallon-des-Auffes, 13007 Marseille<\/li>\n<li>Michel &#8211; Brasserie des Catalans \u20ac\u20ac\u20ac\u20ac 6 rue des Catalans, 13007 Marseille<\/li>\n<li>Les Trois Forts \u20ac\u20ac\u20ac\u20ac 36 boulevard Charles-Livon, 13007 Marseille<\/li>\n<li>La Poule Noire \u20ac\u20ac\u20ac 61 rue Sainte, 13001 Marseill<\/li>\n<\/ul>\n","protected":false},"excerpt":{"rendered":"<p>Prisj\u00e4mf\u00f6relser, L&amp;T middag med vin, 3 r\u00e4tter ibland delad f\u00f6rr\u00e4tt och\/eller efterr\u00e4tt, 4-5 tallrikar om det \u00e4r delade sm\u00e5r\u00e4tter. Les Bavards 61\u20ac (aug -24) (100\u20ac 4 pers april -25) Enkelt men trevligt. L&#8217;Entre Pots 73\u20ac (okt-23) P\u00e5 torget, rustik mat men gott och trevligt. Les eaux de Mars 79\u20ac (nov-23) Sm\u00e5r\u00e4tter att dela, lite bullrigt &hellip; <\/p>\n<p class=\"link-more\"><a href=\"https:\/\/lemadeleine.se\/index.php\/restauranger\/\" class=\"more-link\">Forts\u00e4tt l\u00e4sa<span class=\"screen-reader-text\"> &#8221;Restauranger&#8221;<\/span><\/a><\/p>\n","protected":false},"author":1,"featured_media":0,"parent":0,"menu_order":0,"comment_status":"closed","ping_status":"closed","template":"","meta":{"jetpack_post_was_ever_published":false,"footnotes":""},"jetpack_sharing_enabled":true,"jetpack_shortlink":"https:\/\/wp.me\/Pa3I6H-2D","_links":{"self":[{"href":"https:\/\/lemadeleine.se\/index.php\/wp-json\/wp\/v2\/pages\/163"}],"collection":[{"href":"https:\/\/lemadeleine.se\/index.php\/wp-json\/wp\/v2\/pages"}],"about":[{"href":"https:\/\/lemadeleine.se\/index.php\/wp-json\/wp\/v2\/types\/page"}],"author":[{"embeddable":true,"href":"https:\/\/lemadeleine.se\/index.php\/wp-json\/wp\/v2\/users\/1"}],"replies":[{"embeddable":true,"href":"https:\/\/lemadeleine.se\/index.php\/wp-json\/wp\/v2\/comments?post=163"}],"version-history":[{"count":42,"href":"https:\/\/lemadeleine.se\/index.php\/wp-json\/wp\/v2\/pages\/163\/revisions"}],"predecessor-version":[{"id":5712,"href":"https:\/\/lemadeleine.se\/index.php\/wp-json\/wp\/v2\/pages\/163\/revisions\/5712"}],"wp:attachment":[{"href":"https:\/\/lemadeleine.se\/index.php\/wp-json\/wp\/v2\/media?parent=163"}],"curies":[{"name":"wp","href":"https:\/\/api.w.org\/{rel}","templated":true}]}}